{"id":31820,"date":"2024-01-16T23:44:42","date_gmt":"2024-01-16T20:44:42","guid":{"rendered":"https:\/\/aithinks.net\/?page_id=31820"},"modified":"2024-01-21T16:09:20","modified_gmt":"2024-01-21T13:09:20","slug":"solutions","status":"publish","type":"page","link":"https:\/\/aithinks.net\/en\/solutions\/","title":{"rendered":"Solutions"},"content":{"rendered":"<div data-elementor-type=\"wp-page\" data-elementor-id=\"31820\" class=\"elementor elementor-31820\">\n\t\t\t\t\t\t<section data-cea-float=\"[{&quot;float_title&quot;:&quot;Floating Image&quot;,&quot;float_img&quot;:&quot;https:\\\/\\\/wordpress.zozothemes.com\\\/gigas\\\/wp-content\\\/uploads\\\/sites\\\/5\\\/2023\\\/01\\\/shield-protection-1.png&quot;,&quot;float_left&quot;:&quot;76&quot;,&quot;float_top&quot;:&quot;25&quot;,&quot;float_distance&quot;:&quot;100&quot;,&quot;float_animation&quot;:&quot;1&quot;,&quot;float_mouse&quot;:&quot;0&quot;,&quot;float_width&quot;:&quot;200px&quot;}]\" class=\"elementor-section elementor-top-section elementor-element elementor-element-554205a2 elementor-section-content-middle elementor-section-stretched elementor-section-boxed elementor-section-height-default elementor-section-height-default\" data-id=\"554205a2\" data-element_type=\"section\" data-settings=\"{&quot;stretch_section&quot;:&quot;section-stretched&quot;,&quot;background_background&quot;:&quot;classic&quot;}\">\n\t\t\t\t\t\t\t<div class=\"elementor-background-overlay\"><\/div>\n\t\t\t\t\t\t\t<div class=\"elementor-container elementor-column-gap-default\">\n\t\t\t\t\t<div class=\"elementor-column elementor-col-100 elementor-top-column elementor-element elementor-element-5b259cb3\" data-id=\"5b259cb3\" data-element_type=\"column\">\n\t\t\t<div class=\"elementor-widget-wrap elementor-element-populated\">\n\t\t\t\t\t\t<section class=\"elementor-section elementor-inner-section elementor-element elementor-element-29425a43 elementor-section-boxed elementor-section-height-default elementor-section-height-default\" data-id=\"29425a43\" data-element_type=\"section\">\n\t\t\t\t\t\t<div class=\"elementor-container elementor-column-gap-default\">\n\t\t\t\t\t<div class=\"elementor-column elementor-col-33 elementor-inner-column elementor-element elementor-element-139222bd\" data-id=\"139222bd\" data-element_type=\"column\">\n\t\t\t<div class=\"elementor-widget-wrap\">\n\t\t\t\t\t\t\t<\/div>\n\t\t<\/div>\n\t\t\t\t<div class=\"elementor-column elementor-col-33 elementor-inner-column elementor-element elementor-element-56355178\" data-id=\"56355178\" data-element_type=\"column\">\n\t\t\t<div class=\"elementor-widget-wrap elementor-element-populated\">\n\t\t\t\t\t\t<div class=\"elementor-element elementor-element-42192cc7 animated-fast cea-align-center elementor-invisible elementor-widget elementor-widget-ceasectiontitle\" data-id=\"42192cc7\" data-element_type=\"widget\" data-settings=\"{&quot;_animation&quot;:&quot;fadeInUp&quot;}\" data-widget_type=\"ceasectiontitle.default\">\n\t\t\t\t<div class=\"elementor-widget-container\">\n\t\t\t<div class=\"section-title-wrapper\"><div class=\"title-wrap\"><div class=\"sub-title\"><span class=\"subtitle-dots\">What We Offer<\/span><\/div><h2 class=\"section-title\">Awesome Services Grow Your Business Value<\/h2><\/div><!-- .title-wrap --><div class=\"section-description\"><\/div><!-- .section-description --><\/div><!-- .section-title-wrapper -->\t\t<\/div>\n\t\t\t\t<\/div>\n\t\t\t\t<div class=\"elementor-element elementor-element-3ed6d14b elementor-widget__width-auto elementor-absolute elementor-hidden-tablet elementor-hidden-mobile elementor-widget elementor-widget-image\" data-id=\"3ed6d14b\" data-element_type=\"widget\" data-settings=\"{&quot;_position&quot;:&quot;absolute&quot;}\" data-widget_type=\"image.default\">\n\t\t\t\t<div class=\"elementor-widget-container\">\n\t\t\t<style>\/*! elementor - v3.21.0 - 25-04-2024 *\/\n.elementor-widget-image{text-align:center}.elementor-widget-image a{display:inline-block}.elementor-widget-image a img[src$=\".svg\"]{width:48px}.elementor-widget-image img{vertical-align:middle;display:inline-block}<\/style>\t\t\t\t\t\t\t\t\t\t<img fetchpriority=\"high\" decoding=\"async\" width=\"247\" height=\"430\" src=\"https:\/\/aithinks.net\/wp-content\/uploads\/2023\/01\/border-shape-feature-1.png\" class=\"attachment-full size-full wp-image-23665\" alt=\"\" \/>\t\t\t\t\t\t\t\t\t\t\t\t\t<\/div>\n\t\t\t\t<\/div>\n\t\t\t\t\t<\/div>\n\t\t<\/div>\n\t\t\t\t<div class=\"elementor-column elementor-col-33 elementor-inner-column elementor-element elementor-element-52f036e1\" data-id=\"52f036e1\" data-element_type=\"column\">\n\t\t\t<div class=\"elementor-widget-wrap\">\n\t\t\t\t\t\t\t<\/div>\n\t\t<\/div>\n\t\t\t\t\t<\/div>\n\t\t<\/section>\n\t\t\t\t<div class=\"elementor-element elementor-element-1a7c62a elementor-widget elementor-widget-ceatab\" data-id=\"1a7c62a\" data-element_type=\"widget\" data-widget_type=\"ceatab.default\">\n\t\t\t\t\r\n\t\t<div class=\"elementor-widget-container cea-tab-elementor-widget tab-style-3 cea-vertical-tab\">\r\n\t\t\t<div class=\"nav nav-tabs cea-tabs\"><a class=\"nav-item nav-link active\" href=\"#cea-tab-1-1\"><span class=\"elementor-tab-icon elementor-tab-icon-top\" aria-hidden=\"true\"><span class=\"cea-tab-icon\"><i aria-hidden=\"true\" class=\"bi-braces-asterisk\"><\/i><\/span><\/span><h5 class=\"cea-tab-title\">Data Science<\/h5><\/a><a class=\"nav-item nav-link\" href=\"#cea-tab-1-2\"><span class=\"elementor-tab-icon elementor-tab-icon-top\" aria-hidden=\"true\"><span class=\"cea-tab-icon\"><i aria-hidden=\"true\" class=\"bi-cpu\"><\/i><\/span><\/span><h5 class=\"cea-tab-title\">Chatbot<\/h5><\/a><a class=\"nav-item nav-link\" href=\"#cea-tab-1-3\"><span class=\"elementor-tab-icon elementor-tab-icon-top\" aria-hidden=\"true\"><span class=\"cea-tab-icon\"><i aria-hidden=\"true\" class=\"bi-brush\"><\/i><\/span><\/span><h5 class=\"cea-tab-title\">Natural Language Processing - NLP<\/h5><\/a><a class=\"nav-item nav-link\" href=\"#cea-tab-1-4\"><span class=\"elementor-tab-icon elementor-tab-icon-top\" aria-hidden=\"true\"><span class=\"cea-tab-icon\"><i aria-hidden=\"true\" class=\"bi-clipboard-data\"><\/i><\/span><\/span><h5 class=\"cea-tab-title\">Consultanting<\/h5><\/a><a class=\"nav-item nav-link\" href=\"#cea-tab-1-5\"><span class=\"elementor-tab-icon elementor-tab-icon-top\" aria-hidden=\"true\"><span class=\"cea-tab-icon\"><i aria-hidden=\"true\" class=\"bi-palette\"><\/i><\/span><\/span><h5 class=\"cea-tab-title\">Out Source<\/h5><\/a><\/div><div class=\"tab-content cea-tab-content\"><div class=\"cea-tab-pane active\" id=\"cea-tab-1-1\"><span class=\"cea-tab-id-to-element\" data-id=\"section-list1\"><\/span><\/div><div class=\"cea-tab-pane\" id=\"cea-tab-1-2\"><span class=\"cea-tab-id-to-element\" data-id=\"section-list2\"><\/span><\/div><div class=\"cea-tab-pane\" id=\"cea-tab-1-3\"><span class=\"cea-tab-id-to-element\" data-id=\"section-list3\"><\/span><\/div><div class=\"cea-tab-pane\" id=\"cea-tab-1-4\"><span class=\"cea-tab-id-to-element\" data-id=\"section-list4\"><\/span><\/div><div class=\"cea-tab-pane\" id=\"cea-tab-1-5\"><span class=\"cea-tab-id-to-element\" data-id=\"section-list5\"><\/span><\/div><\/div>\t\t\t\r\n\t\t<\/div>\r\n\t\t\t\t<\/div>\n\t\t\t\t\t<\/div>\n\t\t<\/div>\n\t\t\t\t\t<\/div>\n\t\t<\/section>\n\t\t\t\t<section class=\"elementor-section elementor-top-section elementor-element elementor-element-6ea8a6e0 elementor-section-content-middle elementor-section-boxed elementor-section-height-default elementor-section-height-default\" data-id=\"6ea8a6e0\" data-element_type=\"section\" id=\"section-list1\" data-settings=\"{&quot;background_background&quot;:&quot;classic&quot;}\">\n\t\t\t\t\t\t\t<div class=\"elementor-background-overlay\"><\/div>\n\t\t\t\t\t\t\t<div class=\"elementor-container elementor-column-gap-extended\">\n\t\t\t\t\t<div class=\"elementor-column elementor-col-100 elementor-top-column elementor-element elementor-element-443bb8d2\" data-id=\"443bb8d2\" data-element_type=\"column\">\n\t\t\t<div class=\"elementor-widget-wrap elementor-element-populated\">\n\t\t\t\t\t\t<section class=\"elementor-section elementor-inner-section elementor-element elementor-element-1e4104b elementor-section-boxed elementor-section-height-default elementor-section-height-default\" data-id=\"1e4104b\" data-element_type=\"section\">\n\t\t\t\t\t\t<div class=\"elementor-container elementor-column-gap-default\">\n\t\t\t\t\t<div class=\"elementor-column elementor-col-100 elementor-inner-column elementor-element elementor-element-10d7a1c2\" data-id=\"10d7a1c2\" data-element_type=\"column\">\n\t\t\t<div class=\"elementor-widget-wrap elementor-element-populated\">\n\t\t\t\t\t\t<div class=\"elementor-element elementor-element-41e026d2 elementor-widget elementor-widget-image\" data-id=\"41e026d2\" data-element_type=\"widget\" data-widget_type=\"image.default\">\n\t\t\t\t<div class=\"elementor-widget-container\">\n\t\t\t\t\t\t\t\t\t\t\t\t\t\t<a href=\"https:\/\/aithinks.net\/en\/data-science\/\">\n\t\t\t\t\t\t\t<img decoding=\"async\" width=\"800\" height=\"682\" src=\"https:\/\/aithinks.net\/wp-content\/uploads\/2023\/01\/work-image2-1-1.png\" class=\"attachment-full size-full wp-image-28663\" alt=\"\" \/>\t\t\t\t\t\t\t\t<\/a>\n\t\t\t\t\t\t\t\t\t\t\t\t\t<\/div>\n\t\t\t\t<\/div>\n\t\t\t\t\t<\/div>\n\t\t<\/div>\n\t\t\t\t\t<\/div>\n\t\t<\/section>\n\t\t\t\t\t<\/div>\n\t\t<\/div>\n\t\t\t\t\t<\/div>\n\t\t<\/section>\n\t\t\t\t<section class=\"elementor-section elementor-top-section elementor-element elementor-element-cf8a4cc elementor-section-content-middle elementor-section-boxed elementor-section-height-default elementor-section-height-default\" data-id=\"cf8a4cc\" data-element_type=\"section\" id=\"section-list2\" data-settings=\"{&quot;background_background&quot;:&quot;classic&quot;}\">\n\t\t\t\t\t\t\t<div class=\"elementor-background-overlay\"><\/div>\n\t\t\t\t\t\t\t<div class=\"elementor-container elementor-column-gap-extended\">\n\t\t\t\t\t<div class=\"elementor-column elementor-col-100 elementor-top-column elementor-element elementor-element-29abee1f\" data-id=\"29abee1f\" data-element_type=\"column\">\n\t\t\t<div class=\"elementor-widget-wrap elementor-element-populated\">\n\t\t\t\t\t\t<section class=\"elementor-section elementor-inner-section elementor-element elementor-element-725b319a elementor-section-boxed elementor-section-height-default elementor-section-height-default\" data-id=\"725b319a\" data-element_type=\"section\">\n\t\t\t\t\t\t<div class=\"elementor-container elementor-column-gap-default\">\n\t\t\t\t\t<div class=\"elementor-column elementor-col-100 elementor-inner-column elementor-element elementor-element-c46029d\" data-id=\"c46029d\" data-element_type=\"column\">\n\t\t\t<div class=\"elementor-widget-wrap elementor-element-populated\">\n\t\t\t\t\t\t<div class=\"elementor-element elementor-element-6928e4b1 elementor-widget elementor-widget-image\" data-id=\"6928e4b1\" data-element_type=\"widget\" data-widget_type=\"image.default\">\n\t\t\t\t<div class=\"elementor-widget-container\">\n\t\t\t\t\t\t\t\t\t\t\t\t\t\t<a href=\"https:\/\/aithinks.net\/en\/chatbot\/\">\n\t\t\t\t\t\t\t<img decoding=\"async\" width=\"814\" height=\"682\" src=\"https:\/\/aithinks.net\/wp-content\/uploads\/2023\/01\/tab-img-2-1.png\" class=\"attachment-full size-full wp-image-24513\" alt=\"\" \/>\t\t\t\t\t\t\t\t<\/a>\n\t\t\t\t\t\t\t\t\t\t\t\t\t<\/div>\n\t\t\t\t<\/div>\n\t\t\t\t\t<\/div>\n\t\t<\/div>\n\t\t\t\t\t<\/div>\n\t\t<\/section>\n\t\t\t\t\t<\/div>\n\t\t<\/div>\n\t\t\t\t\t<\/div>\n\t\t<\/section>\n\t\t\t\t<section class=\"elementor-section elementor-top-section elementor-element elementor-element-6086477e elementor-section-content-middle elementor-section-boxed elementor-section-height-default elementor-section-height-default\" data-id=\"6086477e\" data-element_type=\"section\" id=\"section-list3\" data-settings=\"{&quot;background_background&quot;:&quot;classic&quot;}\">\n\t\t\t\t\t\t\t<div class=\"elementor-background-overlay\"><\/div>\n\t\t\t\t\t\t\t<div class=\"elementor-container elementor-column-gap-extended\">\n\t\t\t\t\t<div class=\"elementor-column elementor-col-100 elementor-top-column elementor-element elementor-element-cd4d6d8\" data-id=\"cd4d6d8\" data-element_type=\"column\">\n\t\t\t<div class=\"elementor-widget-wrap elementor-element-populated\">\n\t\t\t\t\t\t<section class=\"elementor-section elementor-inner-section elementor-element elementor-element-19f9108f elementor-section-boxed elementor-section-height-default elementor-section-height-default\" data-id=\"19f9108f\" data-element_type=\"section\">\n\t\t\t\t\t\t<div class=\"elementor-container elementor-column-gap-default\">\n\t\t\t\t\t<div class=\"elementor-column elementor-col-100 elementor-inner-column elementor-element elementor-element-6142e7\" data-id=\"6142e7\" data-element_type=\"column\">\n\t\t\t<div class=\"elementor-widget-wrap elementor-element-populated\">\n\t\t\t\t\t\t<div class=\"elementor-element elementor-element-39fcae58 elementor-widget elementor-widget-image\" data-id=\"39fcae58\" data-element_type=\"widget\" data-widget_type=\"image.default\">\n\t\t\t\t<div class=\"elementor-widget-container\">\n\t\t\t\t\t\t\t\t\t\t\t\t\t\t<a href=\"https:\/\/aithinks.net\/en\/natural-language-processing\/\">\n\t\t\t\t\t\t\t<img loading=\"lazy\" decoding=\"async\" width=\"814\" height=\"682\" src=\"https:\/\/aithinks.net\/wp-content\/uploads\/2023\/01\/tab-img-4-1.png\" class=\"attachment-full size-full wp-image-24515\" alt=\"\" \/>\t\t\t\t\t\t\t\t<\/a>\n\t\t\t\t\t\t\t\t\t\t\t\t\t<\/div>\n\t\t\t\t<\/div>\n\t\t\t\t\t<\/div>\n\t\t<\/div>\n\t\t\t\t\t<\/div>\n\t\t<\/section>\n\t\t\t\t\t<\/div>\n\t\t<\/div>\n\t\t\t\t\t<\/div>\n\t\t<\/section>\n\t\t\t\t<section class=\"elementor-section elementor-top-section elementor-element elementor-element-47c437fa elementor-section-content-middle elementor-section-boxed elementor-section-height-default elementor-section-height-default\" data-id=\"47c437fa\" data-element_type=\"section\" id=\"section-list4\" data-settings=\"{&quot;background_background&quot;:&quot;classic&quot;}\">\n\t\t\t\t\t\t\t<div class=\"elementor-background-overlay\"><\/div>\n\t\t\t\t\t\t\t<div class=\"elementor-container elementor-column-gap-extended\">\n\t\t\t\t\t<div class=\"elementor-column elementor-col-100 elementor-top-column elementor-element elementor-element-4bacd5f9\" data-id=\"4bacd5f9\" data-element_type=\"column\">\n\t\t\t<div class=\"elementor-widget-wrap elementor-element-populated\">\n\t\t\t\t\t\t<section class=\"elementor-section elementor-inner-section elementor-element elementor-element-5bc276b9 elementor-section-boxed elementor-section-height-default elementor-section-height-default\" data-id=\"5bc276b9\" data-element_type=\"section\">\n\t\t\t\t\t\t<div class=\"elementor-container elementor-column-gap-default\">\n\t\t\t\t\t<div class=\"elementor-column elementor-col-100 elementor-inner-column elementor-element elementor-element-40f302e9\" data-id=\"40f302e9\" data-element_type=\"column\">\n\t\t\t<div class=\"elementor-widget-wrap elementor-element-populated\">\n\t\t\t\t\t\t<div class=\"elementor-element elementor-element-4e96abb9 elementor-widget elementor-widget-image\" data-id=\"4e96abb9\" data-element_type=\"widget\" data-widget_type=\"image.default\">\n\t\t\t\t<div class=\"elementor-widget-container\">\n\t\t\t\t\t\t\t\t\t\t\t\t\t\t<a href=\"https:\/\/aithinks.net\/en\/consultanting\/\">\n\t\t\t\t\t\t\t<img loading=\"lazy\" decoding=\"async\" width=\"814\" height=\"682\" src=\"https:\/\/aithinks.net\/wp-content\/uploads\/2023\/01\/tab-img-3-1.png\" class=\"attachment-full size-full wp-image-24514\" alt=\"\" \/>\t\t\t\t\t\t\t\t<\/a>\n\t\t\t\t\t\t\t\t\t\t\t\t\t<\/div>\n\t\t\t\t<\/div>\n\t\t\t\t\t<\/div>\n\t\t<\/div>\n\t\t\t\t\t<\/div>\n\t\t<\/section>\n\t\t\t\t\t<\/div>\n\t\t<\/div>\n\t\t\t\t\t<\/div>\n\t\t<\/section>\n\t\t\t\t<section class=\"elementor-section elementor-top-section elementor-element elementor-element-27da3b4e elementor-section-content-middle elementor-section-boxed elementor-section-height-default elementor-section-height-default\" data-id=\"27da3b4e\" data-element_type=\"section\" id=\"section-list5\" data-settings=\"{&quot;background_background&quot;:&quot;classic&quot;}\">\n\t\t\t\t\t\t\t<div class=\"elementor-background-overlay\"><\/div>\n\t\t\t\t\t\t\t<div class=\"elementor-container elementor-column-gap-extended\">\n\t\t\t\t\t<div class=\"elementor-column elementor-col-100 elementor-top-column elementor-element elementor-element-1a58dc6e\" data-id=\"1a58dc6e\" data-element_type=\"column\">\n\t\t\t<div class=\"elementor-widget-wrap elementor-element-populated\">\n\t\t\t\t\t\t<section class=\"elementor-section elementor-inner-section elementor-element elementor-element-5cf00b35 elementor-section-boxed elementor-section-height-default elementor-section-height-default\" data-id=\"5cf00b35\" data-element_type=\"section\">\n\t\t\t\t\t\t<div class=\"elementor-container elementor-column-gap-default\">\n\t\t\t\t\t<div class=\"elementor-column elementor-col-100 elementor-inner-column elementor-element elementor-element-403a2e11\" data-id=\"403a2e11\" data-element_type=\"column\">\n\t\t\t<div class=\"elementor-widget-wrap elementor-element-populated\">\n\t\t\t\t\t\t<div class=\"elementor-element elementor-element-5a19ddda elementor-widget elementor-widget-image\" data-id=\"5a19ddda\" data-element_type=\"widget\" data-widget_type=\"image.default\">\n\t\t\t\t<div class=\"elementor-widget-container\">\n\t\t\t\t\t\t\t\t\t\t\t\t\t\t<a href=\"https:\/\/aithinks.net\/en\/out-source\/\">\n\t\t\t\t\t\t\t<img loading=\"lazy\" decoding=\"async\" width=\"814\" height=\"682\" src=\"https:\/\/aithinks.net\/wp-content\/uploads\/2023\/01\/tab-img-6-1.png\" class=\"attachment-full size-full wp-image-24520\" alt=\"\" \/>\t\t\t\t\t\t\t\t<\/a>\n\t\t\t\t\t\t\t\t\t\t\t\t\t<\/div>\n\t\t\t\t<\/div>\n\t\t\t\t\t<\/div>\n\t\t<\/div>\n\t\t\t\t\t<\/div>\n\t\t<\/section>\n\t\t\t\t\t<\/div>\n\t\t<\/div>\n\t\t\t\t\t<\/div>\n\t\t<\/section>\n\t\t\t\t<\/div>","protected":false},"excerpt":{"rendered":"<p>What We Offer Awesome Services Grow Your Business Value Veri Bilimi Chatbot Do\u011fal Dil \u0130\u015fleme &#8211; NLP Dan\u0131\u015fmanl\u0131k D\u0131\u015f Kaynak<\/p>","protected":false},"author":1,"featured_media":0,"parent":0,"menu_order":0,"comment_status":"closed","ping_status":"closed","template":"","meta":{"footnotes":""},"class_list":["post-31820","page","type-page","status-publish","hentry"],"_links":{"self":[{"href":"https:\/\/aithinks.net\/en\/wp-json\/wp\/v2\/pages\/31820","targetHints":{"allow":["GET"]}}],"collection":[{"href":"https:\/\/aithinks.net\/en\/wp-json\/wp\/v2\/pages"}],"about":[{"href":"https:\/\/aithinks.net\/en\/wp-json\/wp\/v2\/types\/page"}],"author":[{"embeddable":true,"href":"https:\/\/aithinks.net\/en\/wp-json\/wp\/v2\/users\/1"}],"replies":[{"embeddable":true,"href":"https:\/\/aithinks.net\/en\/wp-json\/wp\/v2\/comments?post=31820"}],"version-history":[{"count":0,"href":"https:\/\/aithinks.net\/en\/wp-json\/wp\/v2\/pages\/31820\/revisions"}],"wp:attachment":[{"href":"https:\/\/aithinks.net\/en\/wp-json\/wp\/v2\/media?parent=31820"}],"curies":[{"name":"wp","href":"https:\/\/api.w.org\/{rel}","templated":true}]}}